{"id":5240,"date":"2023-05-22T19:48:21","date_gmt":"2023-05-22T19:48:21","guid":{"rendered":"https:\/\/sadovariders.ro\/?page_id=5240"},"modified":"2023-05-23T16:17:39","modified_gmt":"2023-05-23T16:17:39","slug":"politica-de-anulare-a-rezervarii","status":"publish","type":"page","link":"https:\/\/sadovariders.ro\/en\/politica-de-anulare-a-rezervarii\/","title":{"rendered":"Politica de anulare a rezerv\u0103rii"},"content":{"rendered":"<p>[et_pb_section fb_built=&#8221;1&#8243; _builder_version=&#8221;4.20.4&#8243; _module_preset=&#8221;default&#8221; global_colors_info=&#8221;{}&#8221;][et_pb_row _builder_version=&#8221;4.20.4&#8243; _module_preset=&#8221;default&#8221; global_colors_info=&#8221;{}&#8221;][et_pb_column type=&#8221;4_4&#8243; _builder_version=&#8221;4.20.4&#8243; _module_preset=&#8221;default&#8221; global_colors_info=&#8221;{}&#8221;][et_pb_text _builder_version=&#8221;4.20.4&#8243; _module_preset=&#8221;default&#8221; header_font_size=&#8221;60px&#8221; global_colors_info=&#8221;{}&#8221;]<\/p>\n<h1><span>Politic\u0103 de anulare a rezerv\u0103rii<\/span><\/h1>\n<h3>Rezerv\u0103ri<\/h3>\n<ul>\n<li>Rezerv\u0103rile prin intermediul website-ului sunt garantate doar atunci c\u00e2nd plata este efectuat\u0103 integral cu cardul.<\/li>\n<li>\u00cenchirierea bicicletelor se poate face, de asemenea, la sediul firmei sau telefonic.<\/li>\n<\/ul>\n<h3>Anulare rezerv\u0103ri website:<\/h3>\n<ul>\n<ul>\n<li>Pentru rezerv\u0103rile f\u0103cute prin modulul de \u00eenchiriere al website-ului, plata se va face integral.<\/li>\n<li>Anularea rezerv\u0103rii se va face telefonic sau <span>complet\u00e2nd<\/span> formularul de mai jos, f\u0103r\u0103 perceperea penalit\u0103\u021bilor.<\/li>\n<li>Suma achitat\u0103 se restituie \u00een termen de 3 de zile de la cererea de anulare.<\/li>\n<\/ul>\n<\/ul>\n<h3>Anulare rezerv\u0103ri <span>\u00een afara website-ului<\/span>:<\/h3>\n<ul>\n<li>Cererea de anulare a rezerv\u0103rilor telefonice \u0219i a celor f\u0103cute \u00een <span class=\"word\" data-words=\"afar\u0103,afara\">afara<\/span> website-ului se <span class=\"word modified\" data-words=\"v\u0103,va\">va<\/span> face cu 1-2 zile \u00eenainte de\u00a0<span class=\"word\" data-words=\"data,dat\u0103\">data<\/span> <span class=\"word\" data-words=\"\u00eenchirierii,inchirierii\">\u00eenchirierii, sau imediat, \u00een\u00a0caz de neprezentare.<\/span><\/li>\n<\/ul>\n<p>[\/et_pb_text][\/et_pb_column][\/et_pb_row][et_pb_row _builder_version=&#8221;4.20.4&#8243; _module_preset=&#8221;default&#8221; background_color=&#8221;#FE5B57&#8243; custom_margin=&#8221;||||false|false&#8221; custom_padding=&#8221;|50px||50px|false|true&#8221; hover_enabled=&#8221;0&#8243; global_colors_info=&#8221;{}&#8221; width_last_edited=&#8221;on|phone&#8221; sticky_enabled=&#8221;0&#8243; width_phone=&#8221;95%&#8221; custom_padding_last_edited=&#8221;on|phone&#8221; custom_padding_phone=&#8221;|25px||25px|false|true&#8221; custom_padding_tablet=&#8221;|50px||50px|false|true&#8221;][et_pb_column type=&#8221;4_4&#8243; _builder_version=&#8221;4.20.4&#8243; _module_preset=&#8221;default&#8221; global_colors_info=&#8221;{}&#8221;][et_pb_contact_form captcha=&#8221;off&#8221; email=&#8221;contact@sadovariders.ro&#8221; title=&#8221;Cerere de anulare rezervare&#8221; success_message=&#8221;V\u0103 mul\u021bumim pentru interesul acordat. V\u0103 vom restitui suma achitata \u00een termen de 2 zile lucr\u0103toare.&#8221; submit_button_text=&#8221;Trimite&#8221; _builder_version=&#8221;4.20.4&#8243; _module_preset=&#8221;default&#8221; _unique_id=&#8221;c3de08c1-4a18-461f-ae04-41a11e771a90&#8243; form_field_text_color=&#8221;#6D8299&#8243; form_field_focus_background_color=&#8221;#FFFFFF&#8221; form_field_focus_text_color=&#8221;#2E2F44&#8243; title_text_color=&#8221;#FFFFFF&#8221; captcha_text_color=&#8221;#FFFFFF&#8221; background_enable_color=&#8221;off&#8221; hover_enabled=&#8221;0&#8243; global_colors_info=&#8221;{}&#8221; sticky_enabled=&#8221;0&#8243; title_line_height_last_edited=&#8221;off|desktop&#8221; title_line_height_phone=&#8221;0.9em&#8221; title_font_size_last_edited=&#8221;on|phone&#8221; title_font_size_phone=&#8221;26px&#8221;][et_pb_contact_field field_id=&#8221;Nume&#8221; field_title=&#8221;Nume&#8221; _builder_version=&#8221;4.20.4&#8243; global_colors_info=&#8221;{}&#8221; button_text_size__hover_enabled=&#8221;off&#8221; button_one_text_size__hover_enabled=&#8221;off&#8221; button_two_text_size__hover_enabled=&#8221;off&#8221; button_text_color__hover_enabled=&#8221;off&#8221; button_one_text_color__hover_enabled=&#8221;off&#8221; button_two_text_color__hover_enabled=&#8221;off&#8221; button_border_width__hover_enabled=&#8221;off&#8221; button_one_border_width__hover_enabled=&#8221;off&#8221; button_two_border_width__hover_enabled=&#8221;off&#8221; button_border_color__hover_enabled=&#8221;off&#8221; button_one_border_color__hover_enabled=&#8221;off&#8221; button_two_border_color__hover_enabled=&#8221;off&#8221; button_border_radius__hover_enabled=&#8221;off&#8221; button_one_border_radius__hover_enabled=&#8221;off&#8221; button_two_border_radius__hover_enabled=&#8221;off&#8221; button_letter_spacing__hover_enabled=&#8221;off&#8221; button_one_letter_spacing__hover_enabled=&#8221;off&#8221; button_two_letter_spacing__hover_enabled=&#8221;off&#8221; button_bg_color__hover_enabled=&#8221;off&#8221; button_one_bg_color__hover_enabled=&#8221;off&#8221; button_two_bg_color__hover_enabled=&#8221;off&#8221;][\/et_pb_contact_field][et_pb_contact_field field_id=&#8221;Email&#8221; field_title=&#8221;Email&#8221; field_type=&#8221;email&#8221; _builder_version=&#8221;4.20.4&#8243; global_colors_info=&#8221;{}&#8221; button_text_size__hover_enabled=&#8221;off&#8221; button_one_text_size__hover_enabled=&#8221;off&#8221; button_two_text_size__hover_enabled=&#8221;off&#8221; button_text_color__hover_enabled=&#8221;off&#8221; button_one_text_color__hover_enabled=&#8221;off&#8221; button_two_text_color__hover_enabled=&#8221;off&#8221; button_border_width__hover_enabled=&#8221;off&#8221; button_one_border_width__hover_enabled=&#8221;off&#8221; button_two_border_width__hover_enabled=&#8221;off&#8221; button_border_color__hover_enabled=&#8221;off&#8221; button_one_border_color__hover_enabled=&#8221;off&#8221; button_two_border_color__hover_enabled=&#8221;off&#8221; button_border_radius__hover_enabled=&#8221;off&#8221; button_one_border_radius__hover_enabled=&#8221;off&#8221; button_two_border_radius__hover_enabled=&#8221;off&#8221; button_letter_spacing__hover_enabled=&#8221;off&#8221; button_one_letter_spacing__hover_enabled=&#8221;off&#8221; button_two_letter_spacing__hover_enabled=&#8221;off&#8221; button_bg_color__hover_enabled=&#8221;off&#8221; button_one_bg_color__hover_enabled=&#8221;off&#8221; button_two_bg_color__hover_enabled=&#8221;off&#8221;][\/et_pb_contact_field][et_pb_contact_field field_id=&#8221;Telefon&#8221; field_title=&#8221;Telefon&#8221; allowed_symbols=&#8221;numbers&#8221; _builder_version=&#8221;4.20.4&#8243; _module_preset=&#8221;default&#8221; global_colors_info=&#8221;{}&#8221;][\/et_pb_contact_field][et_pb_contact_field field_id=&#8221;Comand\u0103&#8221; field_title=&#8221;Nr. comand\u0103&#8221; _builder_version=&#8221;4.20.4&#8243; _module_preset=&#8221;default&#8221; global_colors_info=&#8221;{}&#8221;][\/et_pb_contact_field][et_pb_contact_field field_id=&#8221;Men\u021biuni&#8221; field_title=&#8221;Men\u021biuni&#8221; field_type=&#8221;text&#8221; required_mark=&#8221;off&#8221; fullwidth_field=&#8221;on&#8221; _builder_version=&#8221;4.20.4&#8243; global_colors_info=&#8221;{}&#8221; button_text_size__hover_enabled=&#8221;off&#8221; button_one_text_size__hover_enabled=&#8221;off&#8221; button_two_text_size__hover_enabled=&#8221;off&#8221; button_text_color__hover_enabled=&#8221;off&#8221; button_one_text_color__hover_enabled=&#8221;off&#8221; button_two_text_color__hover_enabled=&#8221;off&#8221; button_border_width__hover_enabled=&#8221;off&#8221; button_one_border_width__hover_enabled=&#8221;off&#8221; button_two_border_width__hover_enabled=&#8221;off&#8221; button_border_color__hover_enabled=&#8221;off&#8221; button_one_border_color__hover_enabled=&#8221;off&#8221; button_two_border_color__hover_enabled=&#8221;off&#8221; button_border_radius__hover_enabled=&#8221;off&#8221; button_one_border_radius__hover_enabled=&#8221;off&#8221; button_two_border_radius__hover_enabled=&#8221;off&#8221; button_letter_spacing__hover_enabled=&#8221;off&#8221; button_one_letter_spacing__hover_enabled=&#8221;off&#8221; button_two_letter_spacing__hover_enabled=&#8221;off&#8221; button_bg_color__hover_enabled=&#8221;off&#8221; button_one_bg_color__hover_enabled=&#8221;off&#8221; button_two_bg_color__hover_enabled=&#8221;off&#8221;][\/et_pb_contact_field][\/et_pb_contact_form][et_pb_blurb title=&#8221;0742 212 158&#8243; use_icon=&#8221;on&#8221; font_icon=&#8221;&#xe090;||divi||400&#8243; icon_placement=&#8221;left&#8221; image_icon_width=&#8221;40px&#8221; _builder_version=&#8221;4.20.4&#8243; _module_preset=&#8221;default&#8221; header_line_height=&#8221;1.8em&#8221; module_alignment=&#8221;left&#8221; link_option_url=&#8221;tel:+40742212158&#8243; link_option_url_new_window=&#8221;on&#8221; hover_enabled=&#8221;0&#8243; global_colors_info=&#8221;{}&#8221; sticky_enabled=&#8221;0&#8243; body_text_color=&#8221;#FFFFFF&#8221; header_text_color=&#8221;#FFFFFF&#8221;][\/et_pb_blurb][\/et_pb_column][\/et_pb_row][\/et_pb_section]<\/p>\n","protected":false},"excerpt":{"rendered":"<p>Politic\u0103 de anulare a rezerv\u0103rii Rezerv\u0103ri Rezerv\u0103rile prin intermediul website-ului sunt garantate doar atunci c\u00e2nd plata este efectuat\u0103 integral cu cardul. \u00cenchirierea bicicletelor se poate face, de asemenea, la sediul firmei sau telefonic. Anulare rezerv\u0103ri website: Pentru rezerv\u0103rile f\u0103cute prin modulul de \u00eenchiriere al website-ului, plata se va face integral. Anularea rezerv\u0103rii se va face [&hellip;]<\/p>\n","protected":false},"author":1,"featured_media":0,"parent":0,"menu_order":0,"comment_status":"closed","ping_status":"closed","template":"","meta":{"_et_pb_use_builder":"on","_et_pb_old_content":"","_et_gb_content_width":"","footnotes":""},"class_list":["post-5240","page","type-page","status-publish","hentry"],"yoast_head":"<!-- This site is optimized with the Yoast SEO plugin v27.4 - https:\/\/yoast.com\/product\/yoast-seo-wordpress\/ -->\n<title>Politica de anulare a rezerv\u0103rii - Sadova Riders<\/title>\n<meta name=\"robots\" content=\"index, follow, max-snippet:-1, max-image-preview:large, max-video-preview:-1\" \/>\n<link rel=\"canonical\" href=\"https:\/\/sadovariders.ro\/en\/politica-de-anulare-a-rezervarii\/\" \/>\n<meta property=\"og:locale\" content=\"en_US\" \/>\n<meta property=\"og:type\" content=\"article\" \/>\n<meta property=\"og:title\" content=\"Politica de anulare a rezerv\u0103rii - Sadova Riders\" \/>\n<meta property=\"og:description\" content=\"Politic\u0103 de anulare a rezerv\u0103rii Rezerv\u0103ri Rezerv\u0103rile prin intermediul website-ului sunt garantate doar atunci c\u00e2nd plata este efectuat\u0103 integral cu cardul. \u00cenchirierea bicicletelor se poate face, de asemenea, la sediul firmei sau telefonic. Anulare rezerv\u0103ri website: Pentru rezerv\u0103rile f\u0103cute prin modulul de \u00eenchiriere al website-ului, plata se va face integral. Anularea rezerv\u0103rii se va face [&hellip;]\" \/>\n<meta property=\"og:url\" content=\"https:\/\/sadovariders.ro\/en\/politica-de-anulare-a-rezervarii\/\" \/>\n<meta property=\"og:site_name\" content=\"Sadova Riders\" \/>\n<meta property=\"article:publisher\" content=\"https:\/\/www.facebook.com\/profile.php?id=100091445319293\" \/>\n<meta property=\"article:modified_time\" content=\"2023-05-23T16:17:39+00:00\" \/>\n<meta property=\"og:image\" content=\"https:\/\/sadovariders.ro\/wp-content\/uploads\/2023\/05\/cropped-icon-site.png\" \/>\n\t<meta property=\"og:image:width\" content=\"512\" \/>\n\t<meta property=\"og:image:height\" content=\"512\" \/>\n\t<meta property=\"og:image:type\" content=\"image\/png\" \/>\n<meta name=\"twitter:card\" content=\"summary_large_image\" \/>\n<meta name=\"twitter:label1\" content=\"Est. reading time\" \/>\n\t<meta name=\"twitter:data1\" content=\"5 minutes\" \/>\n<script type=\"application\/ld+json\" class=\"yoast-schema-graph\">{\"@context\":\"https:\\\/\\\/schema.org\",\"@graph\":[{\"@type\":\"WebPage\",\"@id\":\"https:\\\/\\\/sadovariders.ro\\\/politica-de-anulare-a-rezervarii\\\/\",\"url\":\"https:\\\/\\\/sadovariders.ro\\\/politica-de-anulare-a-rezervarii\\\/\",\"name\":\"Politica de anulare a rezerv\u0103rii - Sadova Riders\",\"isPartOf\":{\"@id\":\"https:\\\/\\\/sadovariders.ro\\\/#website\"},\"datePublished\":\"2023-05-22T19:48:21+00:00\",\"dateModified\":\"2023-05-23T16:17:39+00:00\",\"breadcrumb\":{\"@id\":\"https:\\\/\\\/sadovariders.ro\\\/politica-de-anulare-a-rezervarii\\\/#breadcrumb\"},\"inLanguage\":\"en-US\",\"potentialAction\":[{\"@type\":\"ReadAction\",\"target\":[\"https:\\\/\\\/sadovariders.ro\\\/politica-de-anulare-a-rezervarii\\\/\"]}]},{\"@type\":\"BreadcrumbList\",\"@id\":\"https:\\\/\\\/sadovariders.ro\\\/politica-de-anulare-a-rezervarii\\\/#breadcrumb\",\"itemListElement\":[{\"@type\":\"ListItem\",\"position\":1,\"name\":\"Prima pagin\u0103\",\"item\":\"https:\\\/\\\/sadovariders.ro\\\/\"},{\"@type\":\"ListItem\",\"position\":2,\"name\":\"Politica de anulare a rezerv\u0103rii\"}]},{\"@type\":\"WebSite\",\"@id\":\"https:\\\/\\\/sadovariders.ro\\\/#website\",\"url\":\"https:\\\/\\\/sadovariders.ro\\\/\",\"name\":\"Sadova Riders\",\"description\":\"\",\"publisher\":{\"@id\":\"https:\\\/\\\/sadovariders.ro\\\/#organization\"},\"potentialAction\":[{\"@type\":\"SearchAction\",\"target\":{\"@type\":\"EntryPoint\",\"urlTemplate\":\"https:\\\/\\\/sadovariders.ro\\\/?s={search_term_string}\"},\"query-input\":{\"@type\":\"PropertyValueSpecification\",\"valueRequired\":true,\"valueName\":\"search_term_string\"}}],\"inLanguage\":\"en-US\"},{\"@type\":\"Organization\",\"@id\":\"https:\\\/\\\/sadovariders.ro\\\/#organization\",\"name\":\"Sadova Riders\",\"url\":\"https:\\\/\\\/sadovariders.ro\\\/\",\"logo\":{\"@type\":\"ImageObject\",\"inLanguage\":\"en-US\",\"@id\":\"https:\\\/\\\/sadovariders.ro\\\/#\\\/schema\\\/logo\\\/image\\\/\",\"url\":\"https:\\\/\\\/sadovariders.ro\\\/wp-content\\\/uploads\\\/2023\\\/05\\\/cropped-icon-site.png\",\"contentUrl\":\"https:\\\/\\\/sadovariders.ro\\\/wp-content\\\/uploads\\\/2023\\\/05\\\/cropped-icon-site.png\",\"width\":512,\"height\":512,\"caption\":\"Sadova Riders\"},\"image\":{\"@id\":\"https:\\\/\\\/sadovariders.ro\\\/#\\\/schema\\\/logo\\\/image\\\/\"},\"sameAs\":[\"https:\\\/\\\/www.facebook.com\\\/profile.php?id=100091445319293\"]}]}<\/script>\n<!-- \/ Yoast SEO plugin. -->","yoast_head_json":{"title":"Politica de anulare a rezerv\u0103rii - Sadova Riders","robots":{"index":"index","follow":"follow","max-snippet":"max-snippet:-1","max-image-preview":"max-image-preview:large","max-video-preview":"max-video-preview:-1"},"canonical":"https:\/\/sadovariders.ro\/en\/politica-de-anulare-a-rezervarii\/","og_locale":"en_US","og_type":"article","og_title":"Politica de anulare a rezerv\u0103rii - Sadova Riders","og_description":"Politic\u0103 de anulare a rezerv\u0103rii Rezerv\u0103ri Rezerv\u0103rile prin intermediul website-ului sunt garantate doar atunci c\u00e2nd plata este efectuat\u0103 integral cu cardul. \u00cenchirierea bicicletelor se poate face, de asemenea, la sediul firmei sau telefonic. Anulare rezerv\u0103ri website: Pentru rezerv\u0103rile f\u0103cute prin modulul de \u00eenchiriere al website-ului, plata se va face integral. Anularea rezerv\u0103rii se va face [&hellip;]","og_url":"https:\/\/sadovariders.ro\/en\/politica-de-anulare-a-rezervarii\/","og_site_name":"Sadova Riders","article_publisher":"https:\/\/www.facebook.com\/profile.php?id=100091445319293","article_modified_time":"2023-05-23T16:17:39+00:00","og_image":[{"width":512,"height":512,"url":"https:\/\/sadovariders.ro\/wp-content\/uploads\/2023\/05\/cropped-icon-site.png","type":"image\/png"}],"twitter_card":"summary_large_image","twitter_misc":{"Est. reading time":"5 minutes"},"schema":{"@context":"https:\/\/schema.org","@graph":[{"@type":"WebPage","@id":"https:\/\/sadovariders.ro\/politica-de-anulare-a-rezervarii\/","url":"https:\/\/sadovariders.ro\/politica-de-anulare-a-rezervarii\/","name":"Politica de anulare a rezerv\u0103rii - Sadova Riders","isPartOf":{"@id":"https:\/\/sadovariders.ro\/#website"},"datePublished":"2023-05-22T19:48:21+00:00","dateModified":"2023-05-23T16:17:39+00:00","breadcrumb":{"@id":"https:\/\/sadovariders.ro\/politica-de-anulare-a-rezervarii\/#breadcrumb"},"inLanguage":"en-US","potentialAction":[{"@type":"ReadAction","target":["https:\/\/sadovariders.ro\/politica-de-anulare-a-rezervarii\/"]}]},{"@type":"BreadcrumbList","@id":"https:\/\/sadovariders.ro\/politica-de-anulare-a-rezervarii\/#breadcrumb","itemListElement":[{"@type":"ListItem","position":1,"name":"Prima pagin\u0103","item":"https:\/\/sadovariders.ro\/"},{"@type":"ListItem","position":2,"name":"Politica de anulare a rezerv\u0103rii"}]},{"@type":"WebSite","@id":"https:\/\/sadovariders.ro\/#website","url":"https:\/\/sadovariders.ro\/","name":"Sadova Riders","description":"","publisher":{"@id":"https:\/\/sadovariders.ro\/#organization"},"potentialAction":[{"@type":"SearchAction","target":{"@type":"EntryPoint","urlTemplate":"https:\/\/sadovariders.ro\/?s={search_term_string}"},"query-input":{"@type":"PropertyValueSpecification","valueRequired":true,"valueName":"search_term_string"}}],"inLanguage":"en-US"},{"@type":"Organization","@id":"https:\/\/sadovariders.ro\/#organization","name":"Sadova Riders","url":"https:\/\/sadovariders.ro\/","logo":{"@type":"ImageObject","inLanguage":"en-US","@id":"https:\/\/sadovariders.ro\/#\/schema\/logo\/image\/","url":"https:\/\/sadovariders.ro\/wp-content\/uploads\/2023\/05\/cropped-icon-site.png","contentUrl":"https:\/\/sadovariders.ro\/wp-content\/uploads\/2023\/05\/cropped-icon-site.png","width":512,"height":512,"caption":"Sadova Riders"},"image":{"@id":"https:\/\/sadovariders.ro\/#\/schema\/logo\/image\/"},"sameAs":["https:\/\/www.facebook.com\/profile.php?id=100091445319293"]}]}},"_links":{"self":[{"href":"https:\/\/sadovariders.ro\/en\/wp-json\/wp\/v2\/pages\/5240","targetHints":{"allow":["GET"]}}],"collection":[{"href":"https:\/\/sadovariders.ro\/en\/wp-json\/wp\/v2\/pages"}],"about":[{"href":"https:\/\/sadovariders.ro\/en\/wp-json\/wp\/v2\/types\/page"}],"author":[{"embeddable":true,"href":"https:\/\/sadovariders.ro\/en\/wp-json\/wp\/v2\/users\/1"}],"replies":[{"embeddable":true,"href":"https:\/\/sadovariders.ro\/en\/wp-json\/wp\/v2\/comments?post=5240"}],"version-history":[{"count":29,"href":"https:\/\/sadovariders.ro\/en\/wp-json\/wp\/v2\/pages\/5240\/revisions"}],"predecessor-version":[{"id":5311,"href":"https:\/\/sadovariders.ro\/en\/wp-json\/wp\/v2\/pages\/5240\/revisions\/5311"}],"wp:attachment":[{"href":"https:\/\/sadovariders.ro\/en\/wp-json\/wp\/v2\/media?parent=5240"}],"curies":[{"name":"wp","href":"https:\/\/api.w.org\/{rel}","templated":true}]}}