{"id":829,"date":"2023-04-06T12:29:09","date_gmt":"2023-04-06T12:29:09","guid":{"rendered":"https:\/\/sadovariders.ro\/?page_id=829"},"modified":"2023-05-28T20:23:06","modified_gmt":"2023-05-28T20:23:06","slug":"proiecte","status":"publish","type":"page","link":"https:\/\/sadovariders.ro\/en\/proiecte\/","title":{"rendered":"Proiecte"},"content":{"rendered":"<p>[et_pb_section fb_built=&#8221;1&#8243; theme_builder_area=&#8221;post_content&#8221; _builder_version=&#8221;4.20.4&#8243; _module_preset=&#8221;default&#8221; custom_margin=&#8221;0px||0px||true|false&#8221; custom_padding=&#8221;0px||0px||true|false&#8221; hover_enabled=&#8221;0&#8243; sticky_enabled=&#8221;0&#8243;][et_pb_row _builder_version=&#8221;4.20.4&#8243; _module_preset=&#8221;default&#8221; theme_builder_area=&#8221;post_content&#8221; column_structure=&#8221;1_3,1_3,1_3&#8243; hover_enabled=&#8221;0&#8243; sticky_enabled=&#8221;0&#8243; width=&#8221;85%&#8221;][et_pb_column _builder_version=&#8221;4.20.4&#8243; _module_preset=&#8221;default&#8221; type=&#8221;1_3&#8243; theme_builder_area=&#8221;post_content&#8221;][et_pb_image src=&#8221;https:\/\/sadovariders.ro\/wp-content\/uploads\/2023\/05\/logo-UE.png&#8221; _builder_version=&#8221;4.20.4&#8243; _module_preset=&#8221;default&#8221; theme_builder_area=&#8221;post_content&#8221; hover_enabled=&#8221;0&#8243; sticky_enabled=&#8221;0&#8243; title_text=&#8221;logo UE&#8221; width=&#8221;50%&#8221; align=&#8221;center&#8221;][\/et_pb_image][\/et_pb_column][et_pb_column _builder_version=&#8221;4.20.4&#8243; _module_preset=&#8221;default&#8221; type=&#8221;1_3&#8243; theme_builder_area=&#8221;post_content&#8221;][et_pb_image src=&#8221;https:\/\/sadovariders.ro\/wp-content\/uploads\/2023\/05\/sigla_guv_coroana_albastru.png&#8221; _builder_version=&#8221;4.20.4&#8243; _module_preset=&#8221;default&#8221; theme_builder_area=&#8221;post_content&#8221; hover_enabled=&#8221;0&#8243; sticky_enabled=&#8221;0&#8243; title_text=&#8221;sigla_guv_coroana_albastru&#8221; width=&#8221;45%&#8221; align=&#8221;center&#8221;][\/et_pb_image][\/et_pb_column][et_pb_column _builder_version=&#8221;4.20.4&#8243; _module_preset=&#8221;default&#8221; type=&#8221;1_3&#8243; theme_builder_area=&#8221;post_content&#8221;][et_pb_image src=&#8221;https:\/\/sadovariders.ro\/wp-content\/uploads\/2023\/05\/logo-IS-2014-2020.png&#8221; _builder_version=&#8221;4.20.4&#8243; _module_preset=&#8221;default&#8221; theme_builder_area=&#8221;post_content&#8221; hover_enabled=&#8221;0&#8243; sticky_enabled=&#8221;0&#8243; title_text=&#8221;logo IS-2014-2020&#8243; width=&#8221;50%&#8221; align=&#8221;center&#8221;][\/et_pb_image][\/et_pb_column][\/et_pb_row][et_pb_row _builder_version=&#8221;4.20.4&#8243; _module_preset=&#8221;default&#8221; theme_builder_area=&#8221;post_content&#8221;][et_pb_column _builder_version=&#8221;4.20.4&#8243; _module_preset=&#8221;default&#8221; type=&#8221;4_4&#8243; theme_builder_area=&#8221;post_content&#8221;][et_pb_text _builder_version=&#8221;4.20.4&#8243; _module_preset=&#8221;default&#8221; theme_builder_area=&#8221;post_content&#8221; hover_enabled=&#8221;0&#8243; sticky_enabled=&#8221;0&#8243;]<\/p>\n<div><span><b> Proiect cofinan\u021bat din Fondul Social European prin Programul Opera\u021bional Capital Uman 2014 &#8211; 2020.\u00a0<\/b><\/span><\/div>\n<div><b>&#8211; Con\u0163inutul acestui material nu reprezint\u0103 \u00een mod obligatoriu pozi\u0163ia oficial\u0103 a Uniunii Europene sau a Guvernului Rom\u00e2niei<\/b><\/div>\n<div><b>&#8211; Pentru informa\u021bii detaliate despre celelalte programe cofinan\u021bate de Uniunea European\u0103, v\u0103 invit\u0103m s\u0103 vizita\u021bi <a href=\"http:\/\/www.fonduri-ue.ro\/\" target=\"_blank\" rel=\"noopener\">www.fonduri-ue.ro<\/a>.\u00a0<\/b><\/div>\n<p>[\/et_pb_text][\/et_pb_column][\/et_pb_row][\/et_pb_section]<\/p>\n","protected":false},"excerpt":{"rendered":"<p>Proiect cofinan\u021bat din Fondul Social European prin Programul Opera\u021bional Capital Uman 2014 &#8211; 2020.\u00a0 &#8211; Con\u0163inutul acestui material nu reprezint\u0103 \u00een mod obligatoriu pozi\u0163ia oficial\u0103 a Uniunii Europene sau a Guvernului Rom\u00e2niei &#8211; Pentru informa\u021bii detaliate despre celelalte programe cofinan\u021bate de Uniunea European\u0103, v\u0103 invit\u0103m s\u0103 vizita\u021bi www.fonduri-ue.ro.\u00a0<\/p>","protected":false},"author":1,"featured_media":0,"parent":0,"menu_order":0,"comment_status":"closed","ping_status":"closed","template":"page-template-blank.php","meta":{"_et_pb_use_builder":"on","_et_pb_old_content":"","_et_gb_content_width":"","footnotes":""},"class_list":["post-829","page","type-page","status-publish","hentry"],"yoast_head":"<!-- This site is optimized with the Yoast SEO plugin v27.4 - https:\/\/yoast.com\/product\/yoast-seo-wordpress\/ -->\n<title>Proiecte - Sadova Riders<\/title>\n<meta name=\"robots\" content=\"index, follow, max-snippet:-1, max-image-preview:large, max-video-preview:-1\" \/>\n<link rel=\"canonical\" href=\"https:\/\/sadovariders.ro\/en\/proiecte\/\" \/>\n<meta property=\"og:locale\" content=\"en_US\" \/>\n<meta property=\"og:type\" content=\"article\" \/>\n<meta property=\"og:title\" content=\"Proiecte - Sadova Riders\" \/>\n<meta property=\"og:description\" content=\"Proiect cofinan\u021bat din Fondul Social European prin Programul Opera\u021bional Capital Uman 2014 - 2020.\u00a0 - Con\u0163inutul acestui material nu reprezint\u0103 \u00een mod obligatoriu pozi\u0163ia oficial\u0103 a Uniunii Europene sau a Guvernului Rom\u00e2niei - Pentru informa\u021bii detaliate despre celelalte programe cofinan\u021bate de Uniunea European\u0103, v\u0103 invit\u0103m s\u0103 vizita\u021bi www.fonduri-ue.ro.\u00a0\" \/>\n<meta property=\"og:url\" content=\"https:\/\/sadovariders.ro\/en\/proiecte\/\" \/>\n<meta property=\"og:site_name\" content=\"Sadova Riders\" \/>\n<meta property=\"article:publisher\" content=\"https:\/\/www.facebook.com\/profile.php?id=100091445319293\" \/>\n<meta property=\"article:modified_time\" content=\"2023-05-28T20:23:06+00:00\" \/>\n<meta property=\"og:image\" content=\"https:\/\/sadovariders.ro\/wp-content\/uploads\/2023\/05\/cropped-icon-site.png\" \/>\n\t<meta property=\"og:image:width\" content=\"512\" \/>\n\t<meta property=\"og:image:height\" content=\"512\" \/>\n\t<meta property=\"og:image:type\" content=\"image\/png\" \/>\n<meta name=\"twitter:card\" content=\"summary_large_image\" \/>\n<meta name=\"twitter:label1\" content=\"Est. reading time\" \/>\n\t<meta name=\"twitter:data1\" content=\"2 minutes\" \/>\n<script type=\"application\/ld+json\" class=\"yoast-schema-graph\">{\"@context\":\"https:\\\/\\\/schema.org\",\"@graph\":[{\"@type\":\"WebPage\",\"@id\":\"https:\\\/\\\/sadovariders.ro\\\/proiecte\\\/\",\"url\":\"https:\\\/\\\/sadovariders.ro\\\/proiecte\\\/\",\"name\":\"Proiecte - Sadova Riders\",\"isPartOf\":{\"@id\":\"https:\\\/\\\/sadovariders.ro\\\/#website\"},\"datePublished\":\"2023-04-06T12:29:09+00:00\",\"dateModified\":\"2023-05-28T20:23:06+00:00\",\"breadcrumb\":{\"@id\":\"https:\\\/\\\/sadovariders.ro\\\/proiecte\\\/#breadcrumb\"},\"inLanguage\":\"en-US\",\"potentialAction\":[{\"@type\":\"ReadAction\",\"target\":[\"https:\\\/\\\/sadovariders.ro\\\/proiecte\\\/\"]}]},{\"@type\":\"BreadcrumbList\",\"@id\":\"https:\\\/\\\/sadovariders.ro\\\/proiecte\\\/#breadcrumb\",\"itemListElement\":[{\"@type\":\"ListItem\",\"position\":1,\"name\":\"Prima pagin\u0103\",\"item\":\"https:\\\/\\\/sadovariders.ro\\\/\"},{\"@type\":\"ListItem\",\"position\":2,\"name\":\"Proiecte\"}]},{\"@type\":\"WebSite\",\"@id\":\"https:\\\/\\\/sadovariders.ro\\\/#website\",\"url\":\"https:\\\/\\\/sadovariders.ro\\\/\",\"name\":\"Sadova Riders\",\"description\":\"\",\"publisher\":{\"@id\":\"https:\\\/\\\/sadovariders.ro\\\/#organization\"},\"potentialAction\":[{\"@type\":\"SearchAction\",\"target\":{\"@type\":\"EntryPoint\",\"urlTemplate\":\"https:\\\/\\\/sadovariders.ro\\\/?s={search_term_string}\"},\"query-input\":{\"@type\":\"PropertyValueSpecification\",\"valueRequired\":true,\"valueName\":\"search_term_string\"}}],\"inLanguage\":\"en-US\"},{\"@type\":\"Organization\",\"@id\":\"https:\\\/\\\/sadovariders.ro\\\/#organization\",\"name\":\"Sadova Riders\",\"url\":\"https:\\\/\\\/sadovariders.ro\\\/\",\"logo\":{\"@type\":\"ImageObject\",\"inLanguage\":\"en-US\",\"@id\":\"https:\\\/\\\/sadovariders.ro\\\/#\\\/schema\\\/logo\\\/image\\\/\",\"url\":\"https:\\\/\\\/sadovariders.ro\\\/wp-content\\\/uploads\\\/2023\\\/05\\\/cropped-icon-site.png\",\"contentUrl\":\"https:\\\/\\\/sadovariders.ro\\\/wp-content\\\/uploads\\\/2023\\\/05\\\/cropped-icon-site.png\",\"width\":512,\"height\":512,\"caption\":\"Sadova Riders\"},\"image\":{\"@id\":\"https:\\\/\\\/sadovariders.ro\\\/#\\\/schema\\\/logo\\\/image\\\/\"},\"sameAs\":[\"https:\\\/\\\/www.facebook.com\\\/profile.php?id=100091445319293\"]}]}<\/script>\n<!-- \/ Yoast SEO plugin. -->","yoast_head_json":{"title":"Proiecte - Sadova Riders","robots":{"index":"index","follow":"follow","max-snippet":"max-snippet:-1","max-image-preview":"max-image-preview:large","max-video-preview":"max-video-preview:-1"},"canonical":"https:\/\/sadovariders.ro\/en\/proiecte\/","og_locale":"en_US","og_type":"article","og_title":"Proiecte - Sadova Riders","og_description":"Proiect cofinan\u021bat din Fondul Social European prin Programul Opera\u021bional Capital Uman 2014 - 2020.\u00a0 - Con\u0163inutul acestui material nu reprezint\u0103 \u00een mod obligatoriu pozi\u0163ia oficial\u0103 a Uniunii Europene sau a Guvernului Rom\u00e2niei - Pentru informa\u021bii detaliate despre celelalte programe cofinan\u021bate de Uniunea European\u0103, v\u0103 invit\u0103m s\u0103 vizita\u021bi www.fonduri-ue.ro.\u00a0","og_url":"https:\/\/sadovariders.ro\/en\/proiecte\/","og_site_name":"Sadova Riders","article_publisher":"https:\/\/www.facebook.com\/profile.php?id=100091445319293","article_modified_time":"2023-05-28T20:23:06+00:00","og_image":[{"width":512,"height":512,"url":"https:\/\/sadovariders.ro\/wp-content\/uploads\/2023\/05\/cropped-icon-site.png","type":"image\/png"}],"twitter_card":"summary_large_image","twitter_misc":{"Est. reading time":"2 minutes"},"schema":{"@context":"https:\/\/schema.org","@graph":[{"@type":"WebPage","@id":"https:\/\/sadovariders.ro\/proiecte\/","url":"https:\/\/sadovariders.ro\/proiecte\/","name":"Proiecte - Sadova Riders","isPartOf":{"@id":"https:\/\/sadovariders.ro\/#website"},"datePublished":"2023-04-06T12:29:09+00:00","dateModified":"2023-05-28T20:23:06+00:00","breadcrumb":{"@id":"https:\/\/sadovariders.ro\/proiecte\/#breadcrumb"},"inLanguage":"en-US","potentialAction":[{"@type":"ReadAction","target":["https:\/\/sadovariders.ro\/proiecte\/"]}]},{"@type":"BreadcrumbList","@id":"https:\/\/sadovariders.ro\/proiecte\/#breadcrumb","itemListElement":[{"@type":"ListItem","position":1,"name":"Prima pagin\u0103","item":"https:\/\/sadovariders.ro\/"},{"@type":"ListItem","position":2,"name":"Proiecte"}]},{"@type":"WebSite","@id":"https:\/\/sadovariders.ro\/#website","url":"https:\/\/sadovariders.ro\/","name":"Sadova Riders","description":"","publisher":{"@id":"https:\/\/sadovariders.ro\/#organization"},"potentialAction":[{"@type":"SearchAction","target":{"@type":"EntryPoint","urlTemplate":"https:\/\/sadovariders.ro\/?s={search_term_string}"},"query-input":{"@type":"PropertyValueSpecification","valueRequired":true,"valueName":"search_term_string"}}],"inLanguage":"en-US"},{"@type":"Organization","@id":"https:\/\/sadovariders.ro\/#organization","name":"Sadova Riders","url":"https:\/\/sadovariders.ro\/","logo":{"@type":"ImageObject","inLanguage":"en-US","@id":"https:\/\/sadovariders.ro\/#\/schema\/logo\/image\/","url":"https:\/\/sadovariders.ro\/wp-content\/uploads\/2023\/05\/cropped-icon-site.png","contentUrl":"https:\/\/sadovariders.ro\/wp-content\/uploads\/2023\/05\/cropped-icon-site.png","width":512,"height":512,"caption":"Sadova Riders"},"image":{"@id":"https:\/\/sadovariders.ro\/#\/schema\/logo\/image\/"},"sameAs":["https:\/\/www.facebook.com\/profile.php?id=100091445319293"]}]}},"_links":{"self":[{"href":"https:\/\/sadovariders.ro\/en\/wp-json\/wp\/v2\/pages\/829","targetHints":{"allow":["GET"]}}],"collection":[{"href":"https:\/\/sadovariders.ro\/en\/wp-json\/wp\/v2\/pages"}],"about":[{"href":"https:\/\/sadovariders.ro\/en\/wp-json\/wp\/v2\/types\/page"}],"author":[{"embeddable":true,"href":"https:\/\/sadovariders.ro\/en\/wp-json\/wp\/v2\/users\/1"}],"replies":[{"embeddable":true,"href":"https:\/\/sadovariders.ro\/en\/wp-json\/wp\/v2\/comments?post=829"}],"version-history":[{"count":12,"href":"https:\/\/sadovariders.ro\/en\/wp-json\/wp\/v2\/pages\/829\/revisions"}],"predecessor-version":[{"id":5395,"href":"https:\/\/sadovariders.ro\/en\/wp-json\/wp\/v2\/pages\/829\/revisions\/5395"}],"wp:attachment":[{"href":"https:\/\/sadovariders.ro\/en\/wp-json\/wp\/v2\/media?parent=829"}],"curies":[{"name":"wp","href":"https:\/\/api.w.org\/{rel}","templated":true}]}}